{"id":1854,"date":"2025-03-23T18:28:38","date_gmt":"2025-03-23T18:28:38","guid":{"rendered":"https:\/\/lari.lu\/politique-en-matiere-de-cookies\/"},"modified":"2026-02-24T09:41:29","modified_gmt":"2026-02-24T09:41:29","slug":"politique-en-matiere-de-cookies","status":"publish","type":"page","link":"https:\/\/lari.lu\/fr\/politique-en-matiere-de-cookies\/","title":{"rendered":"Politique en mati\u00e8re de cookies"},"content":{"rendered":"\n<p>L&rsquo;<strong>Agence luxembourgeoise pour l&rsquo;int\u00e9grit\u00e9 de la recherche (LARI<\/strong>), ci-apr\u00e8s d\u00e9nomm\u00e9e <strong>\u00a0\u00bb LARI \u00ab\u00a0, \u00a0\u00bb nous \u00ab\u00a0<\/strong> ou <strong>\u00a0\u00bb notre \u00ab\u00a0,<\/strong> s&rsquo;engage \u00e0 prot\u00e9ger et \u00e0 respecter votre vie priv\u00e9e conform\u00e9ment aux lois europ\u00e9ennes et luxembourgeoises applicables en mati\u00e8re de protection des donn\u00e9es, en particulier la directive 2002\/58\/CE sur la vie priv\u00e9e et les communications \u00e9lectroniques (directive \u00a0\u00bb vie priv\u00e9e et communications \u00e9lectroniques \u00ab\u00a0) et la loi luxembourgeoise du 30 mai 2005 relative \u00e0 la protection de la vie priv\u00e9e dans le secteur des communications \u00e9lectroniques, telle qu&rsquo;elle a \u00e9t\u00e9 modifi\u00e9e. En tant que <strong>responsable du traitement<\/strong>, nous d\u00e9terminons les finalit\u00e9s et les moyens du traitement de vos donn\u00e9es personnelles et assurons leur protection conform\u00e9ment aux exigences l\u00e9gales. <\/p>\n\n\n\n<p>La protection de vos donn\u00e9es personnelles est une priorit\u00e9 essentielle pour LARI. La pr\u00e9sente politique en mati\u00e8re de cookies vise \u00e0 fournir des informations sur la d\u00e9finition et l&rsquo;utilisation des cookies sur notre site web. <\/p>\n\n\n\n<p>Pour plus d&rsquo;informations sur nos activit\u00e9s de traitement, veuillez consulter notre <a href=\"https:\/\/lari.lu\/fr\/politique-de-confidentialite\/\">politique de confidentialit\u00e9<\/a> sur le site Web du LARI.<\/p>\n\n\n\n<ol class=\"wp-block-list\">\n<li><strong>La LARI utilise-t-elle des cookies ?<\/strong><\/li>\n<\/ol>\n\n\n\n<p>Oui, nous utilisons des cookies et d&rsquo;autres technologies pour garantir \u00e0 tous les utilisateurs de LARI la meilleure exp\u00e9rience possible. En continuant \u00e0 visiter ou \u00e0 utiliser nos services, vous acceptez l&rsquo;utilisation de cookies et de technologies similaires aux fins d\u00e9crites dans la pr\u00e9sente politique. <\/p>\n\n\n\n<ol start=\"2\" class=\"wp-block-list\">\n<li><strong>Qu&rsquo;est-ce qu&rsquo;un biscuit ?<\/strong><\/li>\n<\/ol>\n\n\n\n<p>Un cookie est un fichier texte qu&rsquo;un navigateur Web stocke sur l&rsquo;ordinateur d&rsquo;un utilisateur apr\u00e8s sa premi\u00e8re visite. Les cookies sont utilis\u00e9s pour l&rsquo;authentification, le stockage des pr\u00e9f\u00e9rences et d&rsquo;autres fonctions qui permettent d&rsquo;am\u00e9liorer les performances du site web et l&rsquo;exp\u00e9rience de l&rsquo;utilisateur, et tout ce qui peut aider le navigateur web lors de l&rsquo;acc\u00e8s aux serveurs web. Les cookies HTTP sont connus sous de nombreux noms diff\u00e9rents, notamment cookies de navigateur, cookies Web ou cookies HTTP.  <\/p>\n\n\n\n<ul class=\"wp-block-list\">\n<li><strong>Session<\/strong>: elle expire lorsque le navigateur est ferm\u00e9.<\/li>\n\n\n\n<li><strong>Permanent<\/strong>: il persiste m\u00eame lorsque le navigateur est ferm\u00e9. Ces cookies ont une date d&rsquo;expiration d\u00e9finie par le site web ou requise par la loi applicable<em>(par exemple, m\u00e9moriser les mots de passe et les identifiants afin de ne pas les saisir \u00e0 nouveau \u00e0 chaque fois<\/em>). <\/li>\n\n\n\n<li><strong>Tiers<\/strong>: Les attributs des cookies correspondent g\u00e9n\u00e9ralement au domaine du site web sur lequel ils se trouvent. Pas pour les cookies tiers &#8211; comme vous l&rsquo;avez probablement compris d&rsquo;apr\u00e8s leur nom, ils sont install\u00e9s par des sites web tiers, tels que des annonceurs. Ils recueillent des donn\u00e9es sur vos habitudes de navigation et leur permettent de vous suivre sur plusieurs sites web. Voici quelques exemples de plateformes qui utilisent couramment des cookies tiers : Facebook, Flickr, Google Analytics, Google Maps, Google Plus, SoundCloud, Tumblr, Twitter et YouTube.   <\/li>\n<\/ul>\n\n\n\n<p>Selon ces d\u00e9finitions, nous n&rsquo;utilisons que celles g\u00e9n\u00e9r\u00e9es par votre navigation sur notre site ou celles pour lesquelles vous avez donn\u00e9 votre accord.<\/p>\n\n\n\n<ol start=\"3\" class=\"wp-block-list\">\n<li><strong>\u00c0 quoi servent les cookies ?<\/strong><\/li>\n<\/ol>\n\n\n\n<p>Nous utilisons des cookies pour am\u00e9liorer notre site web, personnaliser le contenu, fournir des fonctions de m\u00e9dias sociaux et analyser notre trafic. Nous partageons \u00e9galement des informations sur votre utilisation de notre site avec nos partenaires de m\u00e9dias sociaux et d&rsquo;analyse qui peuvent les combiner avec d&rsquo;autres informations que vous leur avez fournies ou qu&rsquo;ils ont collect\u00e9es \u00e0 partir de votre utilisation de leurs services. <\/p>\n\n\n\n<p>Vous trouverez ci-dessous les types de cookies que nous utilisons :<\/p>\n\n\n\n<ul class=\"wp-block-list\">\n<li><strong>Cookies n\u00e9cessaires<\/strong>: ces cookies sont n\u00e9cessaires au fonctionnement du site web et ne peuvent pas \u00eatre d\u00e9sactiv\u00e9s ;<\/li>\n\n\n\n<li><strong>Cookies de fonctionnalit\u00e9 ou de pr\u00e9f\u00e9rence<\/strong>: ces cookies permettent au site web de se souvenir des choix que vous avez faits dans le pass\u00e9, ce qui am\u00e9liore la fonctionnalit\u00e9 et la personnalisation ;<\/li>\n\n\n\n<li><strong>Cookies de statistiques ou de performance<\/strong>: ces cookies recueillent des informations sur la fa\u00e7on dont vous utilisez le site web, comme les pages que vous avez visit\u00e9es et les liens sur lesquels vous avez cliqu\u00e9 ;<\/li>\n<\/ul>\n\n\n\n<ol start=\"4\" class=\"wp-block-list\">\n<li><strong>Applications tierces et cookies des m\u00e9dias sociaux<\/strong><\/li>\n<\/ol>\n\n\n\n<p>LARI int\u00e8gre des <strong>applications tierces<\/strong> et fournit des liens vers des plateformes de m\u00e9dias sociaux sur son site Web afin d&rsquo;am\u00e9liorer l&rsquo;exp\u00e9rience de l&rsquo;utilisateur et de partager du contenu. Ces outils tiers comprennent des <strong>boutons de partage social<\/strong> et du contenu int\u00e9gr\u00e9 (par exemple, des vid\u00e9os YouTube). <\/p>\n\n\n\n<p><strong>Plateformes de m\u00e9dias sociaux<\/strong><\/p>\n\n\n\n<p>LARI est pr\u00e9sent sur les plateformes suivantes :<\/p>\n\n\n\n<ul class=\"wp-block-list\">\n<li><strong>LinkedIn<\/strong><\/li>\n<\/ul>\n\n\n\n<p>En interagissant avec le contenu de nos m\u00e9dias sociaux, vous \u00eates soumis aux politiques de confidentialit\u00e9 et de cookies de ces plateformes. LARI n&rsquo;a aucun contr\u00f4le sur la mani\u00e8re dont ces plateformes collectent ou traitent vos donn\u00e9es personnelles. <\/p>\n\n\n\n<p><strong>Fonctionnement des applications tierces et des m\u00e9dias sociaux<\/strong><\/p>\n\n\n\n<ul class=\"wp-block-list\">\n<li>Si vous \u00eates connect\u00e9 \u00e0 un r\u00e9seau social (par exemple LinkedIn) sur votre appareil pendant que vous visitez notre site web, ces r\u00e9seaux peuvent <strong>suivre votre navigation<\/strong> et vous identifier, m\u00eame si vous n&rsquo;interagissez pas avec les boutons de partage social.<\/li>\n\n\n\n<li>En cliquant sur les boutons des m\u00e9dias sociaux (par exemple LinkedIn) ou en suivant les liens de notre site web vers ces plateformes, vous serez redirig\u00e9 vers les plateformes respectives, o\u00f9 leurs <strong>propres politiques en mati\u00e8re de confidentialit\u00e9 et de cookies<\/strong> s&rsquo;appliquent.<\/li>\n<\/ul>\n\n\n\n<p><strong>Position de la LARI<\/strong><\/p>\n\n\n\n<ul class=\"wp-block-list\">\n<li>Le LARI <strong>n&rsquo;installe pas de cookies<\/strong> simplement en affichant des liens ou des boutons vers ses canaux de m\u00e9dias sociaux.<\/li>\n\n\n\n<li>Nous n&rsquo;acc\u00e9dons pas aux donn\u00e9es personnelles collect\u00e9es par les plateformes de m\u00e9dias sociaux et ne les stockons pas.<\/li>\n\n\n\n<li>Pour en savoir plus sur la mani\u00e8re dont ces plateformes traitent vos donn\u00e9es, veuillez consulter leurs politiques respectives en mati\u00e8re de confidentialit\u00e9 et de cookies.<\/li>\n<\/ul>\n\n\n\n<ol start=\"5\" class=\"wp-block-list\">\n<li><strong>Tableau des cookies<\/strong><\/li>\n<\/ol>\n\n\n\n<style>\n  .cookie-table {\n    width: 100%;\n    border-collapse: collapse;\n    font-size: 14px;\n    font-family: inherit;\n  }\n  .cookie-table th {\n    background-color: #f5f5f5;\n    text-align: left;\n    padding: 10px 12px;\n    border: 1px solid #ddd;\n    font-weight: 600;\n  }\n  .cookie-table td {\n    padding: 10px 12px;\n    border: 1px solid #ddd;\n    vertical-align: top;\n  }\n  .cookie-table tr:nth-child(even) {\n    background-color: #fafafa;\n  }\n  .badge {\n    display: inline-block;\n    padding: 2px 8px;\n    border-radius: 12px;\n    font-size: 12px;\n    font-weight: 600;\n  }\n  .badge-necessary { background: #e6f4ea; color: #2d6a4f; }\n  .badge-statistics { background: #e8f0fe; color: #1a56db; }\n  .badge-marketing { background: #fef3c7; color: #92400e; }\n<\/style>\n\n<table class=\"cookie-table\">\n  <thead>\n    <tr>\n      <th>Cookie Name<\/th>\n      <th>Provider<\/th>\n      <th>Purpose<\/th>\n      <th>Type<\/th>\n      <th>Expiry<\/th>\n      <th>Category<\/th>\n    <\/tr>\n  <\/thead>\n  <tbody>\n\n    <!-- Usercentrics -->\n    <tr>\n      <td>uc_settings<\/td>\n      <td>Usercentrics<\/td>\n      <td>Stores the user&rsquo;s consent preferences<\/td>\n      <td>Cookie<\/td>\n      <td>1 year<\/td>\n      <td><span class=\"badge badge-necessary\">Necessary<\/span><\/td>\n    <\/tr>\n\n    <!-- Google Tag Manager -->\n    <tr>\n      <td>_ga<\/td>\n      <td>Google Tag Manager \/ Analytics<\/td>\n      <td>Registers a unique ID to generate statistical data on website usage<\/td>\n      <td>Cookie<\/td>\n      <td>2 years<\/td>\n      <td><span class=\"badge badge-statistics\">Statistics<\/span><\/td>\n    <\/tr>\n    <tr>\n      <td>_gid<\/td>\n      <td>Google Tag Manager \/ Analytics<\/td>\n      <td>Registers a unique ID to generate statistical data on website usage<\/td>\n      <td>Cookie<\/td>\n      <td>24 hours<\/td>\n      <td><span class=\"badge badge-statistics\">Statistics<\/span><\/td>\n    <\/tr>\n\n    <!-- Google Fonts -->\n    <tr>\n      <td>N\/A<\/td>\n      <td>Google Fonts<\/td>\n      <td>No cookies set. However, Google may process the visitor&rsquo;s IP address when fonts are loaded from Google&rsquo;s servers.<\/td>\n      <td>\u2014<\/td>\n      <td>\u2014<\/td>\n      <td><span class=\"badge badge-necessary\">Necessary<\/span><\/td>\n    <\/tr>\n\n  <\/tbody>\n<\/table>\n\n\n\n<ol start=\"6\" class=\"wp-block-list\">\n<li> <strong>Accepter ou refuser les cookies<\/strong><\/li>\n<\/ol>\n\n\n\n<p>Vous pouvez modifier ou retirer votre consentement \u00e0 tout moment \u00e0 partir de notre outil de gestion des cookies en cliquant ici : G\u00e9rer votre consentement en mati\u00e8re de cookies.<\/p>\n\n\n\n<p>Vous pouvez d\u00e9cider de bloquer les cookies que nous pouvons d\u00e9poser dans votre navigateur, soit au cas par cas, soit en les refusant syst\u00e9matiquement une fois pour toutes.<\/p>\n\n\n\n<p>Pour une gestion efficace des cookies r\u00e9pondant \u00e0 vos besoins, veuillez utiliser les options de configuration de votre navigateur, en tenant compte de la finalit\u00e9 des cookies (telle que mentionn\u00e9e ci-dessus).<\/p>\n\n\n\n<ol start=\"7\" class=\"wp-block-list\">\n<li><strong>Gestion des cookies<\/strong><\/li>\n<\/ol>\n\n\n\n<p>En tenant compte des informations fournies par cette politique de cookies, nous vous proposons des informations sur la fa\u00e7on dont vous pouvez g\u00e9rer les cookies \u00e0 travers les diff\u00e9rentes options offertes par les navigateurs les plus courants (Chrome, Edge, Firefox et Safari). Si vous emp\u00eachez l&rsquo;installation de tous les cookies sur le site web, certaines fonctionnalit\u00e9s de celui-ci, ainsi que certains contenus peuvent \u00eatre affect\u00e9s. <\/p>\n\n\n\n<p>Les fabricants de navigateurs proposent des pages d&rsquo;aide relatives \u00e0 la gestion des cookies dans leurs produits. Veuillez consulter les pages suivantes pour plus d&rsquo;informations. <\/p>\n\n\n\n<ul class=\"wp-block-list\">\n<li><a href=\"https:\/\/support.google.com\/chrome\/answer\/95647?hl=en\" target=\"_blank\" rel=\"noreferrer noopener\"><u>Google Chrome<\/u><\/a><\/li>\n\n\n\n<li><u><a href=\"https:\/\/support.microsoft.com\/en-us\/kb\/260971\" target=\"_blank\" rel=\"noreferrer noopener\">Bord<\/a><\/u><\/li>\n\n\n\n<li><u><a href=\"https:\/\/support.mozilla.org\/en-US\/kb\/cookies-information-websites-store-on-your-computer\" target=\"_blank\" rel=\"noreferrer noopener\">Mozilla<\/a><\/u><a href=\"https:\/\/support.mozilla.org\/en-US\/kb\/cookies-information-websites-store-on-your-computer\"><u> Firefox<\/u><\/a><\/li>\n\n\n\n<li><a href=\"https:\/\/support.apple.com\/kb\/PH5042?locale=en_US\"><u>Safari (<\/u><\/a><u><a href=\"https:\/\/support.apple.com\/kb\/PH5042?locale=en_US\" target=\"_blank\" rel=\"noreferrer noopener\">Desktop<\/a><\/u><a href=\"https:\/\/support.apple.com\/kb\/PH5042?locale=en_US\"><u>)<\/u><\/a><\/li>\n\n\n\n<li><a href=\"https:\/\/support.apple.com\/en-us\/HT201265\"><u>Safari (<\/u><\/a><u><a href=\"https:\/\/support.apple.com\/en-us\/HT201265\" target=\"_blank\" rel=\"noreferrer noopener\">mobile<\/a><\/u><a href=\"https:\/\/support.apple.com\/en-us\/HT201265\"><u>)<\/u><\/a><\/li>\n<\/ul>\n\n\n\n<p>Pour les autres navigateurs, veuillez consulter la documentation fournie par le fabricant de votre navigateur.<\/p>\n\n\n\n<p>Si vous avez des questions ou des inqui\u00e9tudes concernant l&rsquo;utilisation de vos donn\u00e9es personnelles ou notre politique en mati\u00e8re de cookies, vous pouvez consulter notre <a href=\"https:\/\/lari.lu\/privacy-policy\/?_gl=1*c24j1b*_ga*OTEzMDQ3MDUzLjE3MzQyNjc2NjM.*_ga_VSY5CGZ3TL*MTczNDI2NzY2My4xLjEuMTczNDI2ODE3NC4wLjAuMA..\">politique de confidentialit\u00e9<\/a> ou nous contacter par courrier \u00e9lectronique \u00e0 l&rsquo;adresse <a href=\"mailto:dpo@lari.lu.\">dpo@lari.lu<\/a>.<\/p>\n\n\n\n<p><em>Derni\u00e8re mise \u00e0 jour : avril 2025<\/em><\/p>\n","protected":false},"excerpt":{"rendered":"<p>L&rsquo;Agence luxembourgeoise pour l&rsquo;int\u00e9grit\u00e9 de la recherche (LARI), ci-apr\u00e8s d\u00e9nomm\u00e9e \u00a0\u00bb LARI \u00ab\u00a0, \u00a0\u00bb nous \u00ab\u00a0 ou \u00a0\u00bb notre \u00ab\u00a0, s&rsquo;engage \u00e0 prot\u00e9ger et \u00e0 respecter votre vie priv\u00e9e conform\u00e9ment aux lois europ\u00e9ennes et luxembourgeoises applicables en mati\u00e8re de protection des donn\u00e9es, en particulier la directive 2002\/58\/CE sur la vie priv\u00e9e et les communications \u00e9lectroniques [&hellip;]<\/p>\n","protected":false},"author":2,"featured_media":0,"parent":0,"menu_order":0,"comment_status":"closed","ping_status":"closed","template":"","meta":{"_acf_changed":false,"footnotes":""},"class_list":["post-1854","page","type-page","status-publish","hentry"],"acf":[],"_links":{"self":[{"href":"https:\/\/lari.lu\/fr\/wp-json\/wp\/v2\/pages\/1854","targetHints":{"allow":["GET"]}}],"collection":[{"href":"https:\/\/lari.lu\/fr\/wp-json\/wp\/v2\/pages"}],"about":[{"href":"https:\/\/lari.lu\/fr\/wp-json\/wp\/v2\/types\/page"}],"author":[{"embeddable":true,"href":"https:\/\/lari.lu\/fr\/wp-json\/wp\/v2\/users\/2"}],"replies":[{"embeddable":true,"href":"https:\/\/lari.lu\/fr\/wp-json\/wp\/v2\/comments?post=1854"}],"version-history":[{"count":2,"href":"https:\/\/lari.lu\/fr\/wp-json\/wp\/v2\/pages\/1854\/revisions"}],"predecessor-version":[{"id":2145,"href":"https:\/\/lari.lu\/fr\/wp-json\/wp\/v2\/pages\/1854\/revisions\/2145"}],"wp:attachment":[{"href":"https:\/\/lari.lu\/fr\/wp-json\/wp\/v2\/media?parent=1854"}],"curies":[{"name":"wp","href":"https:\/\/api.w.org\/{rel}","templated":true}]}}