{"id":1336,"date":"2024-05-10T09:59:50","date_gmt":"2024-05-10T09:59:50","guid":{"rendered":"https:\/\/lari.themesawesome.com\/actualites\/"},"modified":"2024-09-22T18:34:31","modified_gmt":"2024-09-22T18:34:31","slug":"actualites","status":"publish","type":"page","link":"https:\/\/lari.lu\/fr\/actualites\/","title":{"rendered":"Actualit\u00e9s"},"content":{"rendered":"\t\t<div data-elementor-type=\"wp-page\" data-elementor-id=\"1336\" class=\"elementor elementor-1336 elementor-476\" data-elementor-post-type=\"page\">\n\t\t\t\t<div class=\"elementor-element elementor-element-9c981ae e-con-full e-flex e-con e-parent\" data-id=\"9c981ae\" data-element_type=\"container\">\n\t\t<div class=\"elementor-element elementor-element-d0ba448 e-con-full hero-col-1 e-flex e-con e-child\" data-id=\"d0ba448\" data-element_type=\"container\">\n\t\t\t\t<div class=\"elementor-element elementor-element-d713dd3 title-hero2 elementor-invisible elementor-widget elementor-widget-heading\" data-id=\"d713dd3\" data-element_type=\"widget\" data-settings=\"{&quot;_animation&quot;:&quot;fadeIn&quot;,&quot;_animation_delay&quot;:200}\" data-widget_type=\"heading.default\">\n\t\t\t\t<div class=\"elementor-widget-container\">\n\t\t\t<style>\/*! elementor - v3.21.0 - 26-05-2024 *\/\n.elementor-heading-title{padding:0;margin:0;line-height:1}.elementor-widget-heading .elementor-heading-title[class*=elementor-size-]>a{color:inherit;font-size:inherit;line-height:inherit}.elementor-widget-heading .elementor-heading-title.elementor-size-small{font-size:15px}.elementor-widget-heading .elementor-heading-title.elementor-size-medium{font-size:19px}.elementor-widget-heading .elementor-heading-title.elementor-size-large{font-size:29px}.elementor-widget-heading .elementor-heading-title.elementor-size-xl{font-size:39px}.elementor-widget-heading .elementor-heading-title.elementor-size-xxl{font-size:59px}<\/style><h2 class=\"elementor-heading-title elementor-size-default\">NOUVELLES<\/h2>\t\t<\/div>\n\t\t\t\t<\/div>\n\t\t\t\t<\/div>\n\t\t\t\t<\/div>\n\t\t<div class=\"elementor-element elementor-element-01a2039 e-con-full e-flex elementor-invisible e-con e-parent\" data-id=\"01a2039\" data-element_type=\"container\" data-settings=\"{&quot;animation&quot;:&quot;fadeIn&quot;}\">\n\t\t<div class=\"elementor-element elementor-element-5212869 e-con-full e-flex e-con e-child\" data-id=\"5212869\" data-element_type=\"container\" data-settings=\"{&quot;background_background&quot;:&quot;classic&quot;}\">\n\t\t\t\t<div class=\"elementor-element elementor-element-fcb37d5 elementor-widget elementor-widget-spacer\" data-id=\"fcb37d5\" data-element_type=\"widget\" data-widget_type=\"spacer.default\">\n\t\t\t\t<div class=\"elementor-widget-container\">\n\t\t\t<style>\/*! elementor - v3.21.0 - 26-05-2024 *\/\n.elementor-column .elementor-spacer-inner{height:var(--spacer-size)}.e-con{--container-widget-width:100%}.e-con-inner>.elementor-widget-spacer,.e-con>.elementor-widget-spacer{width:var(--container-widget-width,var(--spacer-size));--align-self:var(--container-widget-align-self,initial);--flex-shrink:0}.e-con-inner>.elementor-widget-spacer>.elementor-widget-container,.e-con>.elementor-widget-spacer>.elementor-widget-container{height:100%;width:100%}.e-con-inner>.elementor-widget-spacer>.elementor-widget-container>.elementor-spacer,.e-con>.elementor-widget-spacer>.elementor-widget-container>.elementor-spacer{height:100%}.e-con-inner>.elementor-widget-spacer>.elementor-widget-container>.elementor-spacer>.elementor-spacer-inner,.e-con>.elementor-widget-spacer>.elementor-widget-container>.elementor-spacer>.elementor-spacer-inner{height:var(--container-widget-height,var(--spacer-size))}.e-con-inner>.elementor-widget-spacer.elementor-widget-empty,.e-con>.elementor-widget-spacer.elementor-widget-empty{position:relative;min-height:22px;min-width:22px}.e-con-inner>.elementor-widget-spacer.elementor-widget-empty .elementor-widget-empty-icon,.e-con>.elementor-widget-spacer.elementor-widget-empty .elementor-widget-empty-icon{position:absolute;top:0;bottom:0;left:0;right:0;margin:auto;padding:0;width:22px;height:22px}<\/style>\t\t<div class=\"elementor-spacer\">\n\t\t\t<div class=\"elementor-spacer-inner\"><\/div>\n\t\t<\/div>\n\t\t\t\t<\/div>\n\t\t\t\t<\/div>\n\t\t\t\t<\/div>\n\t\t\t\t<\/div>\n\t\t<div class=\"elementor-element elementor-element-af49df7 e-con-full e-flex e-con e-parent\" data-id=\"af49df7\" data-element_type=\"container\">\n\t\t\t\t<div class=\"elementor-element elementor-element-200c790 elementor-invisible elementor-widget elementor-widget-lari-news-loop\" data-id=\"200c790\" data-element_type=\"widget\" data-settings=\"{&quot;_animation&quot;:&quot;fadeIn&quot;}\" data-widget_type=\"lari-news-loop.default\">\n\t\t\t\t<div class=\"elementor-widget-container\">\n\t\t\t<style>\n    .lari-news-loop .news-wrap {\n        display: grid;\n        column-gap: 20px;\n        row-gap: 40px;\n        grid-template-columns: repeat(3, minmax(0, 1fr));\n    }\n\n    .lari-news-loop .news-item-wrap {\n        display: flex;\n        flex-direction: column;\n        justify-content: space-between;\n        background-color: #B1B1B133;\n        padding: 20px 16px;\n        border: 1px solid #000000;\n    }\n\n    .lari-news-loop .news-item {\n        display: flex;\n        flex-direction: column;\n        gap: 20px;\n    }\n\n    .lari-news-loop .news-thumb img {\n        width: 100%;\n        height: 300px;\n        object-fit: cover;\n    }\n\n    .lari-news-loop .news-title h3 {\n        font-family: Neue Haas Grotesk Display Pro;\n        font-size: 32px;\n        font-weight: 600;\n        line-height: 38.4px;\n        letter-spacing: 0.016em;\n        text-align: left;\n        margin: 0;\n    }\n\n    .lari-news-loop .news-title h3 a {\n        color: inherit;\n    }\n\n    .lari-news-loop .news-date {\n        display: inline-block;\n        padding: 5px 10px 5px 10px;\n        gap: 10px;\n        border-radius: 5px;\n        background: #529FDC;\n        color: #fff;\n    }\n\n    .lari-news-loop .news-date-separator {\n        padding-top: 10px;\n        border-bottom: 1px solid #000000;\n    }\n\n    .lari-news-loop .news-excerpt {\n        font-family: Neue Haas Grotesk Display Pro;\n        font-size: 16px;\n        font-weight: 450;\n        line-height: 24px;\n        letter-spacing: 0.01em;\n        text-align: left;\n    }\n\n    .lari-news-loop .news-btn a {\n        display: inline-flex;\n        align-items: center;\n        gap: 8px;\n        font-family: Neue Haas Grotesk Display Pro;\n        font-size: 16px;\n        font-weight: 500;\n        letter-spacing: 0.01em;\n        text-align: left;\n        color: #000000;\n        border-bottom: 1px solid #000;\n    }\n\n    .lari-news-loop .news-post-pagination {\n        margin-top: 40px;\n    }\n\n    .lari-news-loop .news-post-pagination .btn {\n        display: flex;\n        align-items: center;\n        gap: 16px;\n        color: #FFFFFF;\n        font-family: Montserrat;\n        font-size: 16px;\n        font-weight: 400;\n        line-height: 19.5px;\n        letter-spacing: 0.01em;\n        text-align: center;\n        background: #D5433B;\n        border: 1px solid #000000;\n        border-radius: 32px;\n        transition: all .3s;\n        padding: 16px;\n\n    }\n\n    .lari-news-loop .news-post-pagination .btn:hover {\n        color: #000;\n        background-color: #fff;\n    }\n\n    .lari-news-loop .news-post-pagination .btn:focus {\n        color: #000;\n        background-color: #fff;\n        outline: 0;\n    }\n    \n    .lari-news-loop #infscr-loading {\n        position: absolute;\n        bottom: 50px;\n        left: 50%;\n        text-align: center;\n        transform: translateX(-50%);\n        color: #2F344D;\n        font-size: 14px;\n        font-style: normal;\n        font-weight: 400;\n        line-height: 20px;\n    }\n\n  .aratum-blog-loop #infscr-loading img {\n    width: 60px;\n  }\n    @media (max-width:768px) {\n        .lari-news-loop .news-thumb img {\n            height: 200px;\n        }\n    }\n\n    @media (max-width:425px) {\n        .lari-news-loop .news-thumb img {\n            height: 250px;\n        }\n    }\n<\/style>\n\n\n<div class=\"lari-news-loop\">\n    <div class=\"news-wrap\">\n                        <div class=\"news-item-wrap\">\n                    <div class=\"news-item\">\n                        <div class=\"news-thumb\">\n                            <a href=\"https:\/\/lari.lu\/fr\/kritika-sharma-rejoint-le-lari-en-tant-que-nouvelle-conseillere-en-integrite-de-la-recherche\/\">\n                                <img decoding=\"async\" src=\"https:\/\/lari.lu\/wp-content\/uploads\/2024\/08\/image01.png\" alt=\"Kritika Sharma rejoint le LARI en tant que nouvelle conseill\u00e8re en int\u00e9grit\u00e9 de la recherche\">\n                                <\/a>                        <\/div>\n                        <div class=\"news-title\">\n                            <h3>\n                                <a href=\"https:\/\/lari.lu\/fr\/kritika-sharma-rejoint-le-lari-en-tant-que-nouvelle-conseillere-en-integrite-de-la-recherche\/\">\n                                    Kritika Sharma rejoint le LARI en tant que nouvelle conseill\u00e8re en int\u00e9grit\u00e9 de la recherche                                <\/a>\n                            <\/h3>\n                        <\/div>\n                        <div class=\"news-date-wrap\">\n                            <div class=\"news-date\">\n                                11\/03\/2025                            <\/div>\n                            <div class=\"news-date-separator\">\n                            <\/div>\n                        <\/div>\n                        <div class=\"news-excerpt\">\n                            Nous souhaitons la bienvenue \u00e0 Kritika Sharma en tant que nouvelle conseill\u00e8re en int\u00e9grit\u00e9 de la...                        <\/div>\n                    <\/div>\n                    <div class=\"news-btn\">\n                        <a href=\"https:\/\/lari.lu\/fr\/kritika-sharma-rejoint-le-lari-en-tant-que-nouvelle-conseillere-en-integrite-de-la-recherche\/\">\n                            Read more\n                            <svg width=\"16\" height=\"16\" viewBox=\"0 0 16 16\" fill=\"none\" xmlns=\"http:\/\/www.w3.org\/2000\/svg\">\n                                <circle cx=\"8\" cy=\"8\" r=\"8\" transform=\"rotate(-90 8 8)\" fill=\"black\" \/>\n                                <path\n                                    d=\"M10.8285 9.4142L10.8285 5.17156M10.8285 5.17156L6.58583 5.17156M10.8285 5.17156L5.17161 10.8284\"\n                                    stroke=\"white\" stroke-linecap=\"round\" stroke-linejoin=\"round\" \/>\n                            <\/svg>\n                        <\/a>\n                    <\/div>\n                <\/div>\n                            <div class=\"news-item-wrap\">\n                    <div class=\"news-item\">\n                        <div class=\"news-thumb\">\n                            <a href=\"https:\/\/lari.lu\/fr\/lassemblee-generale-de-la-lari-adopte-le-reglement-interieur-revise-de-la-commission-nationale-pour-lintegrite-de-la-recherche\/\">\n                                <img decoding=\"async\" src=\"https:\/\/lari.lu\/wp-content\/uploads\/2024\/06\/General-Assembly.png\" alt=\"L&rsquo;Assembl\u00e9e g\u00e9n\u00e9rale de la LARI adopte le r\u00e8glement int\u00e9rieur r\u00e9vis\u00e9 de la Commission nationale pour l&rsquo;int\u00e9grit\u00e9 de la recherche\">\n                                <\/a>                        <\/div>\n                        <div class=\"news-title\">\n                            <h3>\n                                <a href=\"https:\/\/lari.lu\/fr\/lassemblee-generale-de-la-lari-adopte-le-reglement-interieur-revise-de-la-commission-nationale-pour-lintegrite-de-la-recherche\/\">\n                                    L&rsquo;Assembl\u00e9e g\u00e9n\u00e9rale de la LARI adopte le r\u00e8glement int\u00e9rieur r\u00e9vis\u00e9 de la Commission nationale pour l&rsquo;int\u00e9grit\u00e9 de la recherche                                <\/a>\n                            <\/h3>\n                        <\/div>\n                        <div class=\"news-date-wrap\">\n                            <div class=\"news-date\">\n                                28\/06\/2024                            <\/div>\n                            <div class=\"news-date-separator\">\n                            <\/div>\n                        <\/div>\n                        <div class=\"news-excerpt\">\n                            Lors d&rsquo;une assembl\u00e9e g\u00e9n\u00e9rale extraordinaire, les organisations membres de LARI (Universit\u00e9 du Luxembourg, FNR, LIST, LIH,...                        <\/div>\n                    <\/div>\n                    <div class=\"news-btn\">\n                        <a href=\"https:\/\/lari.lu\/fr\/lassemblee-generale-de-la-lari-adopte-le-reglement-interieur-revise-de-la-commission-nationale-pour-lintegrite-de-la-recherche\/\">\n                            Read more\n                            <svg width=\"16\" height=\"16\" viewBox=\"0 0 16 16\" fill=\"none\" xmlns=\"http:\/\/www.w3.org\/2000\/svg\">\n                                <circle cx=\"8\" cy=\"8\" r=\"8\" transform=\"rotate(-90 8 8)\" fill=\"black\" \/>\n                                <path\n                                    d=\"M10.8285 9.4142L10.8285 5.17156M10.8285 5.17156L6.58583 5.17156M10.8285 5.17156L5.17161 10.8284\"\n                                    stroke=\"white\" stroke-linecap=\"round\" stroke-linejoin=\"round\" \/>\n                            <\/svg>\n                        <\/a>\n                    <\/div>\n                <\/div>\n                            <div class=\"news-item-wrap\">\n                    <div class=\"news-item\">\n                        <div class=\"news-thumb\">\n                            <a href=\"https:\/\/lari.lu\/fr\/bilan-et-perspectives-un-regard-exterieur-sur-levolution-de-lari\/\">\n                                <img decoding=\"async\" src=\"https:\/\/lari.lu\/wp-content\/uploads\/2024\/04\/post-thumb-7s.jpg\" alt=\"Bilan et perspectives : un regard ext\u00e9rieur sur l&rsquo;\u00e9volution de LARI\">\n                                <\/a>                        <\/div>\n                        <div class=\"news-title\">\n                            <h3>\n                                <a href=\"https:\/\/lari.lu\/fr\/bilan-et-perspectives-un-regard-exterieur-sur-levolution-de-lari\/\">\n                                    Bilan et perspectives : un regard ext\u00e9rieur sur l&rsquo;\u00e9volution de LARI                                <\/a>\n                            <\/h3>\n                        <\/div>\n                        <div class=\"news-date-wrap\">\n                            <div class=\"news-date\">\n                                08\/05\/2024                            <\/div>\n                            <div class=\"news-date-separator\">\n                            <\/div>\n                        <\/div>\n                        <div class=\"news-excerpt\">\n                            Lorsque Asael Rouby a pris ses fonctions de secr\u00e9taire g\u00e9n\u00e9ral de l&rsquo;IALR \u00e0 titre int\u00e9rimaire fin...                        <\/div>\n                    <\/div>\n                    <div class=\"news-btn\">\n                        <a href=\"https:\/\/lari.lu\/fr\/bilan-et-perspectives-un-regard-exterieur-sur-levolution-de-lari\/\">\n                            Read more\n                            <svg width=\"16\" height=\"16\" viewBox=\"0 0 16 16\" fill=\"none\" xmlns=\"http:\/\/www.w3.org\/2000\/svg\">\n                                <circle cx=\"8\" cy=\"8\" r=\"8\" transform=\"rotate(-90 8 8)\" fill=\"black\" \/>\n                                <path\n                                    d=\"M10.8285 9.4142L10.8285 5.17156M10.8285 5.17156L6.58583 5.17156M10.8285 5.17156L5.17161 10.8284\"\n                                    stroke=\"white\" stroke-linecap=\"round\" stroke-linejoin=\"round\" \/>\n                            <\/svg>\n                        <\/a>\n                    <\/div>\n                <\/div>\n                            <div class=\"news-item-wrap\">\n                    <div class=\"news-item\">\n                        <div class=\"news-thumb\">\n                            <a href=\"https:\/\/lari.lu\/fr\/lari-nomme-tom-lindemann-nouveau-secretaire-general\/\">\n                                <img decoding=\"async\" src=\"https:\/\/lari.lu\/wp-content\/uploads\/2024\/07\/image-1.jpg\" alt=\"LARI nomme Tom Lindemann nouveau secr\u00e9taire g\u00e9n\u00e9ral\">\n                                <\/a>                        <\/div>\n                        <div class=\"news-title\">\n                            <h3>\n                                <a href=\"https:\/\/lari.lu\/fr\/lari-nomme-tom-lindemann-nouveau-secretaire-general\/\">\n                                    LARI nomme Tom Lindemann nouveau secr\u00e9taire g\u00e9n\u00e9ral                                <\/a>\n                            <\/h3>\n                        <\/div>\n                        <div class=\"news-date-wrap\">\n                            <div class=\"news-date\">\n                                06\/10\/2023                            <\/div>\n                            <div class=\"news-date-separator\">\n                            <\/div>\n                        <\/div>\n                        <div class=\"news-excerpt\">\n                            Apr\u00e8s une p\u00e9riode int\u00e9rimaire de deux ans, LARI a r\u00e9cemment nomm\u00e9 Tom Lindemann en tant que...                        <\/div>\n                    <\/div>\n                    <div class=\"news-btn\">\n                        <a href=\"https:\/\/lari.lu\/fr\/lari-nomme-tom-lindemann-nouveau-secretaire-general\/\">\n                            Read more\n                            <svg width=\"16\" height=\"16\" viewBox=\"0 0 16 16\" fill=\"none\" xmlns=\"http:\/\/www.w3.org\/2000\/svg\">\n                                <circle cx=\"8\" cy=\"8\" r=\"8\" transform=\"rotate(-90 8 8)\" fill=\"black\" \/>\n                                <path\n                                    d=\"M10.8285 9.4142L10.8285 5.17156M10.8285 5.17156L6.58583 5.17156M10.8285 5.17156L5.17161 10.8284\"\n                                    stroke=\"white\" stroke-linecap=\"round\" stroke-linejoin=\"round\" \/>\n                            <\/svg>\n                        <\/a>\n                    <\/div>\n                <\/div>\n                            <div class=\"news-item-wrap\">\n                    <div class=\"news-item\">\n                        <div class=\"news-thumb\">\n                            <a href=\"https:\/\/lari.lu\/fr\/publication-dune-version-revisee-du-code-de-conduite-europeen-pour-lintegrite-de-la-recherche\/\">\n                                <img decoding=\"async\" src=\"https:\/\/lari.lu\/wp-content\/uploads\/2023\/09\/output-1.jpg\" alt=\"Publication d&rsquo;une version r\u00e9vis\u00e9e du code de conduite europ\u00e9en pour l&rsquo;int\u00e9grit\u00e9 de la recherche\">\n                                <\/a>                        <\/div>\n                        <div class=\"news-title\">\n                            <h3>\n                                <a href=\"https:\/\/lari.lu\/fr\/publication-dune-version-revisee-du-code-de-conduite-europeen-pour-lintegrite-de-la-recherche\/\">\n                                    Publication d&rsquo;une version r\u00e9vis\u00e9e du code de conduite europ\u00e9en pour l&rsquo;int\u00e9grit\u00e9 de la recherche                                <\/a>\n                            <\/h3>\n                        <\/div>\n                        <div class=\"news-date-wrap\">\n                            <div class=\"news-date\">\n                                27\/09\/2023                            <\/div>\n                            <div class=\"news-date-separator\">\n                            <\/div>\n                        <\/div>\n                        <div class=\"news-excerpt\">\n                            L&rsquo;ALLEA (All European Academies) a r\u00e9cemment publi\u00e9 la nouvelle version du Code de conduite europ\u00e9en pour...                        <\/div>\n                    <\/div>\n                    <div class=\"news-btn\">\n                        <a href=\"https:\/\/lari.lu\/fr\/publication-dune-version-revisee-du-code-de-conduite-europeen-pour-lintegrite-de-la-recherche\/\">\n                            Read more\n                            <svg width=\"16\" height=\"16\" viewBox=\"0 0 16 16\" fill=\"none\" xmlns=\"http:\/\/www.w3.org\/2000\/svg\">\n                                <circle cx=\"8\" cy=\"8\" r=\"8\" transform=\"rotate(-90 8 8)\" fill=\"black\" \/>\n                                <path\n                                    d=\"M10.8285 9.4142L10.8285 5.17156M10.8285 5.17156L6.58583 5.17156M10.8285 5.17156L5.17161 10.8284\"\n                                    stroke=\"white\" stroke-linecap=\"round\" stroke-linejoin=\"round\" \/>\n                            <\/svg>\n                        <\/a>\n                    <\/div>\n                <\/div>\n                            <div class=\"news-item-wrap\">\n                    <div class=\"news-item\">\n                        <div class=\"news-thumb\">\n                            <a href=\"https:\/\/lari.lu\/fr\/integrite-de-la-recherche-ou-trouver-du-soutien-au-luxembourg\/\">\n                                <img decoding=\"async\" src=\"https:\/\/lari.lu\/wp-content\/uploads\/2024\/04\/post-thumb-4s.jpg\" alt=\"Int\u00e9grit\u00e9 de la recherche : o\u00f9 trouver du soutien au Luxembourg ?\">\n                                <\/a>                        <\/div>\n                        <div class=\"news-title\">\n                            <h3>\n                                <a href=\"https:\/\/lari.lu\/fr\/integrite-de-la-recherche-ou-trouver-du-soutien-au-luxembourg\/\">\n                                    Int\u00e9grit\u00e9 de la recherche : o\u00f9 trouver du soutien au Luxembourg ?                                <\/a>\n                            <\/h3>\n                        <\/div>\n                        <div class=\"news-date-wrap\">\n                            <div class=\"news-date\">\n                                14\/07\/2023                            <\/div>\n                            <div class=\"news-date-separator\">\n                            <\/div>\n                        <\/div>\n                        <div class=\"news-excerpt\">\n                            Quelles sont les lignes directrices en mati\u00e8re de bonnes pratiques scientifiques au Luxembourg ? Le Luxembourg...                        <\/div>\n                    <\/div>\n                    <div class=\"news-btn\">\n                        <a href=\"https:\/\/lari.lu\/fr\/integrite-de-la-recherche-ou-trouver-du-soutien-au-luxembourg\/\">\n                            Read more\n                            <svg width=\"16\" height=\"16\" viewBox=\"0 0 16 16\" fill=\"none\" xmlns=\"http:\/\/www.w3.org\/2000\/svg\">\n                                <circle cx=\"8\" cy=\"8\" r=\"8\" transform=\"rotate(-90 8 8)\" fill=\"black\" \/>\n                                <path\n                                    d=\"M10.8285 9.4142L10.8285 5.17156M10.8285 5.17156L6.58583 5.17156M10.8285 5.17156L5.17161 10.8284\"\n                                    stroke=\"white\" stroke-linecap=\"round\" stroke-linejoin=\"round\" \/>\n                            <\/svg>\n                        <\/a>\n                    <\/div>\n                <\/div>\n                <\/div>\n        <div class=\"navigation-paging news-post-pagination\">\n        <div id=\"view-more-news-post\" class=\"infinite-button\">\n            <a href=\"https:\/\/lari.lu\/fr\/wp-json\/wp\/v2\/pages\/1336\/page\/2\/\" ><\/a>        <\/div>\n        <button id=\"view-more\" class=\"btn\">\n            Load more\n            <svg width=\"18\" height=\"18\" viewBox=\"0 0 18 18\" fill=\"none\" xmlns=\"http:\/\/www.w3.org\/2000\/svg\">\n                <circle cx=\"9\" cy=\"9\" r=\"8.5\" transform=\"rotate(-90 9 9)\" fill=\"white\" stroke=\"black\"\/>\n                <path d=\"M10 12L13 9M13 9L10 6M13 9H5\" stroke=\"black\" stroke-linecap=\"round\" stroke-linejoin=\"round\"\/>\n            <\/svg>\n        <\/button>\n    <\/div>\n    <\/div>\n\n\n<script>\n    (function ($) {\n        'use strict';\n        $(document).ready(function () {\n            var $container = $('.news-wrap');\n\n            \/\/ Infinite Scroll\n            $container.infinitescroll({\n                loading: {\n                    finishedMsg: 'There is no more post right now.',\n                    img: \"https:\/\/lari.lu\/wp-content\/plugins\/lari-extra\/public\/img\/loader.gif\",\n                    msgText: 'Loading',\n                    speed: 'normal'\n                },\n                state: {\n                    isDone: false\n                },\n                navSelector: '#view-more-news-post',\n                nextSelector: '#view-more-news-post a',\n                itemSelector: '.news-item-wrap',\n\n            },\n                function (newElements) {\n                    var $newElems = $(newElements).css({ opacity: 0 });\n                    $newElems.imagesLoaded(function () {\n                        $newElems.animate({ opacity: 1 });\n                    });\n                    $('.news-wrap').css('margin-bottom', 0);\n                });\n\n            $container.infinitescroll('unbind');\n            $(\"#view-more\").click(function () {\n                $container.infinitescroll('retrieve');\n                $('.news-wrap').css('margin-bottom', 150);\n                return false;\n            });\n\n        });\n    })(jQuery);\n<\/script>\t\t<\/div>\n\t\t\t\t<\/div>\n\t\t\t\t<\/div>\n\t\t\t\t<\/div>\n\t\t","protected":false},"excerpt":{"rendered":"<p>NOUVELLES<\/p>\n","protected":false},"author":2,"featured_media":0,"parent":0,"menu_order":0,"comment_status":"closed","ping_status":"closed","template":"elementor_header_footer","meta":{"_acf_changed":false,"footnotes":""},"class_list":["post-1336","page","type-page","status-publish","hentry"],"acf":[],"_links":{"self":[{"href":"https:\/\/lari.lu\/fr\/wp-json\/wp\/v2\/pages\/1336","targetHints":{"allow":["GET"]}}],"collection":[{"href":"https:\/\/lari.lu\/fr\/wp-json\/wp\/v2\/pages"}],"about":[{"href":"https:\/\/lari.lu\/fr\/wp-json\/wp\/v2\/types\/page"}],"author":[{"embeddable":true,"href":"https:\/\/lari.lu\/fr\/wp-json\/wp\/v2\/users\/2"}],"replies":[{"embeddable":true,"href":"https:\/\/lari.lu\/fr\/wp-json\/wp\/v2\/comments?post=1336"}],"version-history":[{"count":1,"href":"https:\/\/lari.lu\/fr\/wp-json\/wp\/v2\/pages\/1336\/revisions"}],"predecessor-version":[{"id":1338,"href":"https:\/\/lari.lu\/fr\/wp-json\/wp\/v2\/pages\/1336\/revisions\/1338"}],"wp:attachment":[{"href":"https:\/\/lari.lu\/fr\/wp-json\/wp\/v2\/media?parent=1336"}],"curies":[{"name":"wp","href":"https:\/\/api.w.org\/{rel}","templated":true}]}}