{"id":1856,"date":"2025-03-23T18:28:38","date_gmt":"2025-03-23T18:28:38","guid":{"rendered":"https:\/\/lari.lu\/cookie-richtlinie\/"},"modified":"2026-02-24T09:40:38","modified_gmt":"2026-02-24T09:40:38","slug":"cookie-richtlinien","status":"publish","type":"page","link":"https:\/\/lari.lu\/de\/cookie-richtlinien\/","title":{"rendered":"Cookie-Richtlinien"},"content":{"rendered":"\n<p>Die <strong>Luxemburger Agentur f\u00fcr die Integrit\u00e4t der Forschung (LARI)<\/strong>, im Folgenden <strong>&#8222;LARI&#8220;, &#8222;wir&#8220;<\/strong> oder <strong>&#8222;uns&#8220;<\/strong> genannt <strong>,<\/strong> verpflichtet sich, Ihre Privatsph\u00e4re in \u00dcbereinstimmung mit den geltenden europ\u00e4ischen und luxemburgischen Datenschutzgesetzen zu sch\u00fctzen und zu respektieren, insbesondere mit der Richtlinie 2002\/58\/EG \u00fcber den Schutz der Privatsph\u00e4re in der elektronischen Kommunikation (ePrivacy-Richtlinie) und dem luxemburgischen Gesetz vom 30. Mai 2005 \u00fcber den Schutz der Privatsph\u00e4re im Bereich der elektronischen Kommunikation in der jeweils g\u00fcltigen Fassung. Als <strong>f\u00fcr die Datenverarbeitung Verantwortlicher<\/strong> bestimmen wir die Zwecke und Mittel der Verarbeitung Ihrer personenbezogenen Daten und sorgen f\u00fcr deren Schutz im Einklang mit den gesetzlichen Anforderungen. <\/p>\n\n\n\n<p>Der Schutz Ihrer pers\u00f6nlichen Daten ist f\u00fcr LARI von h\u00f6chster Priorit\u00e4t. Mit dieser Cookie-Richtlinie m\u00f6chten wir Sie \u00fcber die Definition und Verwendung von Cookies auf unserer Website informieren. <\/p>\n\n\n\n<p>Weitere Informationen \u00fcber unsere Verarbeitungsaktivit\u00e4ten finden Sie in unserer <a href=\"https:\/\/lari.lu\/de\/datenschutzbestimmungen\/\">Datenschutzrichtlinie<\/a> auf der LARI-Website.<\/p>\n\n\n\n<ol class=\"wp-block-list\">\n<li><strong>Verwendet LARI Cookies?<\/strong><\/li>\n<\/ol>\n\n\n\n<p>Ja, wir verwenden Cookies und andere Technologien, um sicherzustellen, dass jeder, der LARI nutzt, die bestm\u00f6gliche Erfahrung macht. Wenn Sie unsere Dienste weiterhin besuchen oder nutzen, stimmen Sie der Verwendung von Cookies und \u00e4hnlichen Technologien f\u00fcr die in dieser Richtlinie beschriebenen Zwecke zu. <\/p>\n\n\n\n<ol start=\"2\" class=\"wp-block-list\">\n<li><strong>Was sind Cookies?<\/strong><\/li>\n<\/ol>\n\n\n\n<p>Ein Cookie ist eine Textdatei, die ein Webbrowser nach dem 1. Besuch auf dem Computer eines Benutzers speichert. Cookies werden f\u00fcr die Authentifizierung, die Speicherung von Pr\u00e4ferenzen und andere Funktionen verwendet, die dazu beitragen, die Leistung der Website und die Benutzerfreundlichkeit zu verbessern, sowie f\u00fcr alles andere, was dem Webbrowser beim Zugriff auf Webserver helfen kann. HTTP-Cookies sind unter vielen verschiedenen Namen bekannt, darunter Browser-Cookies, Web-Cookies oder HTTP-Cookies.  <\/p>\n\n\n\n<ul class=\"wp-block-list\">\n<li><strong>Sitzung<\/strong>: Sie l\u00e4uft ab, wenn der Browser geschlossen wird.<\/li>\n\n\n\n<li><strong>Permanent<\/strong>: Sie bleiben bestehen, auch wenn der Browser geschlossen wird. Diese Cookies haben ein von der Website festgelegtes Verfallsdatum oder sind gesetzlich vorgeschrieben<em>(z.B. zum Speichern von Passw\u00f6rtern und zum Einloggen, damit Sie diese nicht jedes Mal neu eingeben m\u00fcssen<\/em>). <\/li>\n\n\n\n<li><strong>Drittanbieter<\/strong>: Die Attribute der Cookies entsprechen in der Regel der Website-Dom\u00e4ne, auf der sie sich befinden. Nicht f\u00fcr Cookies von Drittanbietern &#8211; wie Sie dem Namen wahrscheinlich entnommen haben, werden diese von Drittanbieter-Websites installiert, z. B. von Werbefirmen. Sie sammeln Daten \u00fcber Ihre Surfgewohnheiten und erm\u00f6glichen es ihnen, Sie \u00fcber mehrere Websites hinweg zu verfolgen. Beispiele f\u00fcr Plattformen, die \u00fcblicherweise Cookies von Drittanbietern verwenden, sind: Facebook, Flickr, Google Analytics, Google Maps, Google Plus, SoundCloud, Tumblr, Twitter und YouTube.   <\/li>\n<\/ul>\n\n\n\n<p>Gem\u00e4\u00df diesen Definitionen verwenden wir nur die Daten, die durch Ihre Navigation auf unserer Website erzeugt wurden oder f\u00fcr die Sie Ihre Zustimmung gegeben haben.<\/p>\n\n\n\n<ol start=\"3\" class=\"wp-block-list\">\n<li><strong>Wof\u00fcr werden Cookies verwendet?<\/strong><\/li>\n<\/ol>\n\n\n\n<p>Wir verwenden Cookies, um unsere Website zu verbessern, Inhalte zu personalisieren, Funktionen f\u00fcr soziale Medien bereitzustellen und unseren Datenverkehr zu analysieren. Wir geben auch Informationen \u00fcber Ihre Nutzung unserer Website an unsere Partner f\u00fcr soziale Medien und Analysen weiter, die diese mit anderen Informationen kombinieren k\u00f6nnen, die Sie ihnen zur Verf\u00fcgung gestellt haben oder die sie aus Ihrer Nutzung ihrer Dienste gesammelt haben. <\/p>\n\n\n\n<p>Nachstehend finden Sie die Arten von Cookies, die wir verwenden:<\/p>\n\n\n\n<ul class=\"wp-block-list\">\n<li><strong>Notwendige Cookies<\/strong>: Diese Cookies sind f\u00fcr das Funktionieren der Website erforderlich und k\u00f6nnen nicht abgeschaltet werden;<\/li>\n\n\n\n<li><strong>Funktionalit\u00e4ts- oder Pr\u00e4ferenz-Cookies<\/strong>: Diese Cookies erm\u00f6glichen es der Website, sich an die von Ihnen in der Vergangenheit getroffenen Entscheidungen zu erinnern, um die Funktionalit\u00e4t und die Anpassung zu verbessern;<\/li>\n\n\n\n<li><strong>Statistik- oder Performance-Cookies<\/strong>: Diese Cookies sammeln Informationen dar\u00fcber, wie Sie die Website nutzen, z. B. welche Seiten Sie besucht haben und auf welche Links Sie geklickt haben;<\/li>\n<\/ul>\n\n\n\n<ol start=\"4\" class=\"wp-block-list\">\n<li><strong>Apps von Drittanbietern und Cookies f\u00fcr soziale Medien<\/strong><\/li>\n<\/ol>\n\n\n\n<p>LARI integriert <strong>Anwendungen von Drittanbietern<\/strong> und bietet Links zu Social-Media-Plattformen auf seiner Website, um die Benutzererfahrung zu verbessern und Inhalte zu teilen. Zu diesen Tools von Drittanbietern geh\u00f6ren <strong>Schaltfl\u00e4chen zum Teilen in sozialen Netzwerken<\/strong> und eingebettete Inhalte (z.B. YouTube-Videos). <\/p>\n\n\n\n<p><strong>Soziale Medienplattformen<\/strong><\/p>\n\n\n\n<p>LARI unterh\u00e4lt eine Pr\u00e4senz auf den folgenden Plattformen:<\/p>\n\n\n\n<ul class=\"wp-block-list\">\n<li><strong>LinkedIn<\/strong><\/li>\n<\/ul>\n\n\n\n<p>Indem Sie mit unseren sozialen Medien interagieren, unterliegen Sie den Datenschutz- und Cookie-Richtlinien dieser Plattformen. LARI hat keine Kontrolle dar\u00fcber, wie diese Plattformen Ihre pers\u00f6nlichen Daten sammeln oder verarbeiten. <\/p>\n\n\n\n<p><strong>Wie Apps von Drittanbietern und soziale Medien funktionieren<\/strong><\/p>\n\n\n\n<ul class=\"wp-block-list\">\n<li>Wenn Sie auf Ihrem Ger\u00e4t bei einem sozialen Netzwerk (z.B. LinkedIn) angemeldet sind, w\u00e4hrend Sie unsere Website besuchen, k\u00f6nnen diese Netzwerke <strong>Ihre Navigation nachverfolgen<\/strong> und Sie identifizieren, auch wenn Sie nicht mit den Schaltfl\u00e4chen zum sozialen Teilen interagieren.<\/li>\n\n\n\n<li>Wenn Sie auf Schaltfl\u00e4chen sozialer Medien (z.B. LinkedIn) klicken oder Links von unserer Website zu diesen Plattformen folgen, werden Sie zu den jeweiligen Plattformen weitergeleitet, f\u00fcr die <strong>ihre eigenen Datenschutz- und Cookie-Richtlinien<\/strong> gelten.<\/li>\n<\/ul>\n\n\n\n<p><strong>LARI&#8217;s Standpunkt<\/strong><\/p>\n\n\n\n<ul class=\"wp-block-list\">\n<li>LARI <strong>setzt keine Cookies<\/strong>, indem sie einfach Links oder Schaltfl\u00e4chen zu unseren sozialen Medienkan\u00e4len anzeigt.<\/li>\n\n\n\n<li>Wir greifen nicht auf pers\u00f6nliche Daten zu, die von sozialen Medienplattformen gesammelt werden, und speichern diese auch nicht.<\/li>\n\n\n\n<li>Um mehr dar\u00fcber zu erfahren, wie diese Plattformen mit Ihren Daten umgehen, lesen Sie bitte die jeweiligen Datenschutz- und Cookie-Richtlinien.<\/li>\n<\/ul>\n\n\n\n<ol start=\"5\" class=\"wp-block-list\">\n<li><strong>Tabelle Cookies<\/strong><\/li>\n<\/ol>\n\n\n\n<style>\n  .cookie-table {\n    width: 100%;\n    border-collapse: collapse;\n    font-size: 14px;\n    font-family: inherit;\n  }\n  .cookie-table th {\n    background-color: #f5f5f5;\n    text-align: left;\n    padding: 10px 12px;\n    border: 1px solid #ddd;\n    font-weight: 600;\n  }\n  .cookie-table td {\n    padding: 10px 12px;\n    border: 1px solid #ddd;\n    vertical-align: top;\n  }\n  .cookie-table tr:nth-child(even) {\n    background-color: #fafafa;\n  }\n  .badge {\n    display: inline-block;\n    padding: 2px 8px;\n    border-radius: 12px;\n    font-size: 12px;\n    font-weight: 600;\n  }\n  .badge-necessary { background: #e6f4ea; color: #2d6a4f; }\n  .badge-statistics { background: #e8f0fe; color: #1a56db; }\n  .badge-marketing { background: #fef3c7; color: #92400e; }\n<\/style>\n\n<table class=\"cookie-table\">\n  <thead>\n    <tr>\n      <th>Cookie Name<\/th>\n      <th>Provider<\/th>\n      <th>Purpose<\/th>\n      <th>Type<\/th>\n      <th>Expiry<\/th>\n      <th>Category<\/th>\n    <\/tr>\n  <\/thead>\n  <tbody>\n\n    <!-- Usercentrics -->\n    <tr>\n      <td>uc_settings<\/td>\n      <td>Usercentrics<\/td>\n      <td>Stores the user&#8217;s consent preferences<\/td>\n      <td>Cookie<\/td>\n      <td>1 year<\/td>\n      <td><span class=\"badge badge-necessary\">Necessary<\/span><\/td>\n    <\/tr>\n\n    <!-- Google Tag Manager -->\n    <tr>\n      <td>_ga<\/td>\n      <td>Google Tag Manager \/ Analytics<\/td>\n      <td>Registers a unique ID to generate statistical data on website usage<\/td>\n      <td>Cookie<\/td>\n      <td>2 years<\/td>\n      <td><span class=\"badge badge-statistics\">Statistics<\/span><\/td>\n    <\/tr>\n    <tr>\n      <td>_gid<\/td>\n      <td>Google Tag Manager \/ Analytics<\/td>\n      <td>Registers a unique ID to generate statistical data on website usage<\/td>\n      <td>Cookie<\/td>\n      <td>24 hours<\/td>\n      <td><span class=\"badge badge-statistics\">Statistics<\/span><\/td>\n    <\/tr>\n\n    <!-- Google Fonts -->\n    <tr>\n      <td>N\/A<\/td>\n      <td>Google Fonts<\/td>\n      <td>No cookies set. However, Google may process the visitor&#8217;s IP address when fonts are loaded from Google&#8217;s servers.<\/td>\n      <td>\u2014<\/td>\n      <td>\u2014<\/td>\n      <td><span class=\"badge badge-necessary\">Necessary<\/span><\/td>\n    <\/tr>\n\n  <\/tbody>\n<\/table>\n\n\n\n<ol start=\"6\" class=\"wp-block-list\">\n<li> <strong>Cookies akzeptieren oder ablehnen<\/strong><\/li>\n<\/ol>\n\n\n\n<p>Sie k\u00f6nnen Ihre Zustimmung jederzeit \u00fcber unser Cookie-Verwaltungstool \u00e4ndern oder widerrufen, indem Sie hier klicken: Verwalten Sie Ihre Cookie-Einwilligung.<\/p>\n\n\n\n<p>Sie k\u00f6nnen entscheiden, ob Sie Cookies, die wir in Ihrem Browser ablegen, von Fall zu Fall oder systematisch ablehnen wollen.<\/p>\n\n\n\n<p>F\u00fcr eine effiziente Cookie-Verwaltung, die Ihren Anforderungen entspricht, verwenden Sie bitte die Einstellungsoptionen Ihres Browsers und ber\u00fccksichtigen dabei den Zweck der Cookies (wie oben erw\u00e4hnt).<\/p>\n\n\n\n<ol start=\"7\" class=\"wp-block-list\">\n<li><strong>Verwaltung von Cookies<\/strong><\/li>\n<\/ol>\n\n\n\n<p>Unter Ber\u00fccksichtigung der in dieser Cookie-Richtlinie enthaltenen Informationen bieten wir Ihnen Informationen dar\u00fcber, wie Sie die Cookies \u00fcber die verschiedenen Optionen der g\u00e4ngigsten Browser (Chrome, Edge, Firefox und Safari) verwalten k\u00f6nnen. Wenn Sie die Installation aller Cookies auf der Website verhindern, k\u00f6nnen einige Funktionen der Website sowie einige Inhalte beeintr\u00e4chtigt werden. <\/p>\n\n\n\n<p>Browser-Hersteller bieten Hilfeseiten zur Cookie-Verwaltung in ihren Produkten an. Weitere Informationen finden Sie unten. <\/p>\n\n\n\n<ul class=\"wp-block-list\">\n<li><a href=\"https:\/\/support.google.com\/chrome\/answer\/95647?hl=en\" target=\"_blank\" rel=\"noreferrer noopener\"><u>Google Chrome<\/u><\/a><\/li>\n\n\n\n<li><u><a href=\"https:\/\/support.microsoft.com\/en-us\/kb\/260971\" target=\"_blank\" rel=\"noreferrer noopener\">Rand<\/a><\/u><\/li>\n\n\n\n<li><u><a href=\"https:\/\/support.mozilla.org\/en-US\/kb\/cookies-information-websites-store-on-your-computer\" target=\"_blank\" rel=\"noreferrer noopener\">Mozilla<\/a><\/u><a href=\"https:\/\/support.mozilla.org\/en-US\/kb\/cookies-information-websites-store-on-your-computer\"><u> Firefox<\/u><\/a><\/li>\n\n\n\n<li><a href=\"https:\/\/support.apple.com\/kb\/PH5042?locale=en_US\"><u>Safari (<\/u><\/a><u><a href=\"https:\/\/support.apple.com\/kb\/PH5042?locale=en_US\" target=\"_blank\" rel=\"noreferrer noopener\">Desktop<\/a><\/u><a href=\"https:\/\/support.apple.com\/kb\/PH5042?locale=en_US\"><u>)<\/u><\/a><\/li>\n\n\n\n<li><a href=\"https:\/\/support.apple.com\/en-us\/HT201265\"><u>Safari (<\/u><\/a><u><a href=\"https:\/\/support.apple.com\/en-us\/HT201265\" target=\"_blank\" rel=\"noreferrer noopener\">Mobil<\/a><\/u><a href=\"https:\/\/support.apple.com\/en-us\/HT201265\"><u>)<\/u><\/a><\/li>\n<\/ul>\n\n\n\n<p>F\u00fcr andere Browser konsultieren Sie bitte die Dokumentation, die Ihr Browserhersteller zur Verf\u00fcgung stellt.<\/p>\n\n\n\n<p>Wenn Sie Fragen oder Bedenken bez\u00fcglich der Verwendung Ihrer pers\u00f6nlichen Daten oder unserer Cookie-Richtlinie haben, k\u00f6nnen Sie unsere <a href=\"https:\/\/lari.lu\/privacy-policy\/?_gl=1*c24j1b*_ga*OTEzMDQ3MDUzLjE3MzQyNjc2NjM.*_ga_VSY5CGZ3TL*MTczNDI2NzY2My4xLjEuMTczNDI2ODE3NC4wLjAuMA..\">Datenschutzrichtlinie<\/a> einsehen oder uns eine E-Mail an <a href=\"mailto:dpo@lari.lu.\">dpo@lari.lu schicken.<\/a><\/p>\n\n\n\n<p><em>Letzte Aktualisierung: April 2025<\/em><\/p>\n","protected":false},"excerpt":{"rendered":"<p>Die Luxemburger Agentur f\u00fcr die Integrit\u00e4t der Forschung (LARI), im Folgenden &#8222;LARI&#8220;, &#8222;wir&#8220; oder &#8222;uns&#8220; genannt , verpflichtet sich, Ihre Privatsph\u00e4re in \u00dcbereinstimmung mit den geltenden europ\u00e4ischen und luxemburgischen Datenschutzgesetzen zu sch\u00fctzen und zu respektieren, insbesondere mit der Richtlinie 2002\/58\/EG \u00fcber den Schutz der Privatsph\u00e4re in der elektronischen Kommunikation (ePrivacy-Richtlinie) und dem luxemburgischen Gesetz vom [&hellip;]<\/p>\n","protected":false},"author":2,"featured_media":0,"parent":0,"menu_order":0,"comment_status":"closed","ping_status":"closed","template":"","meta":{"_acf_changed":false,"footnotes":""},"class_list":["post-1856","page","type-page","status-publish","hentry"],"acf":[],"_links":{"self":[{"href":"https:\/\/lari.lu\/de\/wp-json\/wp\/v2\/pages\/1856","targetHints":{"allow":["GET"]}}],"collection":[{"href":"https:\/\/lari.lu\/de\/wp-json\/wp\/v2\/pages"}],"about":[{"href":"https:\/\/lari.lu\/de\/wp-json\/wp\/v2\/types\/page"}],"author":[{"embeddable":true,"href":"https:\/\/lari.lu\/de\/wp-json\/wp\/v2\/users\/2"}],"replies":[{"embeddable":true,"href":"https:\/\/lari.lu\/de\/wp-json\/wp\/v2\/comments?post=1856"}],"version-history":[{"count":3,"href":"https:\/\/lari.lu\/de\/wp-json\/wp\/v2\/pages\/1856\/revisions"}],"predecessor-version":[{"id":2144,"href":"https:\/\/lari.lu\/de\/wp-json\/wp\/v2\/pages\/1856\/revisions\/2144"}],"wp:attachment":[{"href":"https:\/\/lari.lu\/de\/wp-json\/wp\/v2\/media?parent=1856"}],"curies":[{"name":"wp","href":"https:\/\/api.w.org\/{rel}","templated":true}]}}