{"id":1448,"date":"2024-04-29T06:39:06","date_gmt":"2024-04-29T06:39:06","guid":{"rendered":"https:\/\/lari.themesawesome.com\/datenschutzbestimmungen\/"},"modified":"2024-09-27T09:30:29","modified_gmt":"2024-09-27T09:30:29","slug":"datenschutzbestimmungen","status":"publish","type":"page","link":"https:\/\/lari.lu\/de\/datenschutzbestimmungen\/","title":{"rendered":"Datenschutzbestimmungen"},"content":{"rendered":"\n<p>Die Luxemburger Agentur f\u00fcr Forschungsintegrit\u00e4t (LARI) verwendet personenbezogene Daten.\nIn unserer Eigenschaft als f\u00fcr die Datenverarbeitung Verantwortlicher sind wir verpflichtet, Ihre Privatsph\u00e4re in \u00dcbereinstimmung mit dem europ\u00e4ischen Recht zu sch\u00fctzen und zu respektieren. <\/p>\n\n<p>Zweck dieser Datenschutzerkl\u00e4rung (&#8222;Datenschutzerkl\u00e4rung&#8220;) ist es, alle Nutzer der Website, von denen LARI personenbezogene Daten sammelt, dar\u00fcber zu informieren, wie LARI diese personenbezogenen Daten verarbeitet und wie Sie deren Verwendung kontrollieren k\u00f6nnen.<\/p>\n\n<p>Der Schutz Ihrer Privatsph\u00e4re bei der Verarbeitung pers\u00f6nlicher Daten ist ein wichtiges Anliegen, dem wir bei unseren Gesch\u00e4ftsprozessen besondere Aufmerksamkeit widmen.\nPersonenbezogene Daten, die beim Besuch unserer Websites erhoben werden, werden von uns gem\u00e4\u00df den geltenden gesetzlichen Bestimmungen verarbeitet. <\/p>\n\n<h2 class=\"wp-block-heading\">Umfang der Datenschutzerkl\u00e4rung<\/h2>\n\n<p>Diese Datenschutzerkl\u00e4rung legt die Grunds\u00e4tze und Richtlinien zum Schutz Ihrer pers\u00f6nlichen Daten fest, die auf oder \u00fcber die Websites gesammelt werden.<\/p>\n\n<p>LARI erhebt, verwahrt, speichert und verarbeitet in ihrer Eigenschaft als f\u00fcr die Datenverarbeitung Verantwortliche personenbezogene Daten (wie nachstehend definiert) in Bezug auf Sie in \u00dcbereinstimmung mit allen in Luxemburg geltenden Datenschutzgesetzen und insbesondere dem Gesetz vom 1. August 2018 und ab dem 25. Mai 2018 der Verordnung (EU) 2016\/679 vom 27. April 2016 (&#8222;GDPR&#8220;).<\/p>\n\n<h2 class=\"wp-block-heading\">Wer wir sind<\/h2>\n\n<p>In dieser Datenschutzerkl\u00e4rung steht &#8222;LARI&#8220;, &#8222;wir&#8220; oder &#8222;unser&#8220; f\u00fcr die Luxemburger Agentur f\u00fcr Forschungsintegrit\u00e4t, eine gemeinn\u00fctzige Gesellschaft, RCS Luxembourg #F11081.\nDer eingetragene Sitz von LARI ist 2, avenue de l&#8217;Universit\u00e9, L &#8211; 4365 Esch sur Alzette, Luxemburg. <\/p>\n\n<p>LARI ist eine gemeinn\u00fctzige Organisation, die die \u00d6ffentlichkeit, Forscher und Organisationen bei der F\u00f6rderung von Forschungsethik und Forschungsintegrit\u00e4t unterst\u00fctzt.<\/p>\n\n<h2 class=\"wp-block-heading\">Welche pers\u00f6nlichen Informationen k\u00f6nnen wir sammeln?<\/h2>\n\n<p>Personenbezogene Daten (&#8222;Pers\u00f6nliche Daten&#8220;) beziehen sich auf alle Informationen \u00fcber Sie, die dazu verwendet werden k\u00f6nnen, Sie direkt oder indirekt zu identifizieren.<\/p>\n\n<p>Wir sammeln und verarbeiten die folgenden Kategorien von Daten:<\/p>\n\n<p>&#8211; Pers\u00f6nliche Identifikationsdaten (z.B. Vorname, Nachname, Kontaktdaten, Lebenslauf)<\/p>\n\n<p>&#8211; Pers\u00f6nliche Angaben (z.B. Geburtsdatum, Geschlecht, Nationalit\u00e4t)<\/p>\n\n<p>&#8211; Offizielle Identifikationsdaten (z.B. Personalausweis, Reisepass)<\/p>\n\n<p>&#8211; elektronische Identifikationsdaten (z.B. E-Mail-Adresse, IP-Adresse, geografischer Standort, Cookies)<\/p>\n\n<p>&#8211; Bank- und Finanzidentifikationsdaten (z.B. Kontonummern)<\/p>\n\n<p>Dabei handelt es sich um Daten, die uns entweder direkt von Ihnen zur Verf\u00fcgung gestellt oder mit Hilfe unserer Dienste generiert werden.<\/p>\n\n<h2 class=\"wp-block-heading\">Rechtliche Grundlagen und Ziele<\/h2>\n\n<p>LARI verarbeitet Ihre personenbezogenen Daten auf der folgenden Rechtsgrundlage und zu den folgenden Zwecken: Wie oben erw\u00e4hnt, stellen Sie Ihre pers\u00f6nlichen Daten auf freiwilliger Basis zur Verf\u00fcgung.<\/p>\n\n<p>Damit die Verarbeitung rechtm\u00e4\u00dfig ist, sollten die personenbezogenen Daten auf der Grundlage Ihrer Zustimmung oder auf der Grundlage anderer legitimer Gr\u00fcnde verarbeitet werden, die in den geltenden Gesetzen und Vorschriften vorgeschrieben sind.<\/p>\n\n<p><strong>1. Erf\u00fcllung eines Vertrags (GDPR, Art. 6.1.b)<\/strong><\/p>\n\n<p>Wenn die Verarbeitung f\u00fcr die Erf\u00fcllung eines Vertrags erforderlich ist, um Dienstleistungen im Rahmen des Aufgabenbereichs der LARI zu erbringen, einschlie\u00dflich Forschung, Beratung, Ermittlungsdienste, Schulungsveranstaltungen, Workshops und Konferenzen; Coaching.<\/p>\n\n<p><strong>2. Einwilligung (GDPR, Art. 6.1.a)<\/strong><\/p>\n\n<p>Wir verarbeiten Ihre personenbezogenen Daten auf der Grundlage Ihrer Einwilligung, z.B. wenn Sie mit uns \u00fcber das Kontaktformular Kontakt aufnehmen, um Ihnen Informationen zukommen zu lassen, f\u00fcr die Sie sich angemeldet haben, und wenn Sie sich f\u00fcr unsere Veranstaltungen angemeldet haben.<\/p>\n\n<p>LARI kann Ihre pers\u00f6nlichen Daten verarbeiten, z.B. Ihren Lebenslauf, wenn Sie Ihren Lebenslauf als Spontankandidat einsenden, um an einem zuk\u00fcnftigen Einstellungsprozess teilzunehmen.<\/p>\n\n<p><strong>3. Gesetzliche Verpflichtung (GDPR, Art. 6.1.c)<\/strong><\/p>\n\n<p>LARI kann Ihre personenbezogenen Daten verarbeiten, wenn dies zur Erf\u00fcllung gesetzlicher und regulatorischer Verpflichtungen erforderlich ist.\nZum Beispiel, um pers\u00f6nliche Daten mit dem Comit\u00e9 National d&#8217;Ethique de Recherche Luxembourg (CNER) auszutauschen. <\/p>\n\n<p><strong>4. Berechtigtes Interesse (GDPR, Art. 6.1.f)<\/strong><\/p>\n\n<p>LARI kann Ihre pers\u00f6nlichen Daten verarbeiten, z.B. Ihren Lebenslauf, wenn Sie sich auf eine Stelle bewerben, um am Einstellungsprozess teilzunehmen.<\/p>\n\n<p>Die LARI kann Ihre personenbezogenen Daten verarbeiten, wenn dies erforderlich ist, um fr\u00fchere Vertragsverletzungen mit anderen Institutionen vor Vertragsabschluss oder w\u00e4hrend des Bestehens des Vertrages zu \u00fcberpr\u00fcfen, um unsere Interessen zu verteidigen oder rechtliche Schritte einzuleiten, um gegen<\/p>\n\n<p>Untersuchungen im Falle eines m\u00f6glichen Vertragsbruchs oder einer Verletzung von Gesetzen oder Vorschriften, die sich negativ auf LARI auswirken w\u00fcrden.<\/p>\n\n<p>Wenn Sie unsere Website besuchen, speichert LARI bestimmte Informationen \u00fcber den von Ihnen verwendeten Browser und das Betriebssystem, das Datum und die Uhrzeit Ihres Besuchs, den Zugriffsstatus (z.B. ob Sie auf eine Website zugreifen konnten oder eine Fehlermeldung erhalten haben, die Website, von der Sie auf unsere Websites zugegriffen haben.\nLARI speichert auch Ihre IP-Adresse und den Namen Ihres Internet Service Providers aus Sicherheitsgr\u00fcnden, insbesondere um Angriffe auf unsere Websites oder Betrugsversuche zu verhindern und aufzudecken.\nWir verwenden die pers\u00f6nlichen Daten, die beim Besuch unserer Website erhoben werden, um diese f\u00fcr Sie so komfortabel wie m\u00f6glich zu betreiben und unsere IT-Systeme vor Angriffen und anderen illegalen Aktivit\u00e4ten zu sch\u00fctzen.  <\/p>\n\n<p><strong>\u00dcbermittlung personenbezogener Daten an Dritte<\/strong><\/p>\n\n<p>LARI wird niemals pers\u00f6nliche Daten an Dritte verkaufen oder vermieten.\nEs kann jedoch sein, dass wir im Zusammenhang mit den in dieser Datenschutzerkl\u00e4rung genannten Zwecken Daten an Dritte weitergeben m\u00fcssen, z.B. an Organisationen, die LARI finanzieren, abonnieren oder anderweitig unterst\u00fctzen, sowie an Lieferanten und Subunternehmer, die in unserem Auftrag Daten verarbeiten, und an IT-\/Web-basierten Support und Dienstleistungen. <\/p>\n\n<p>Wenn wir gesetzlich oder aufsichtsrechtlich dazu verpflichtet sind, k\u00f6nnen wir Informationen an die Polizei, Aufsichtsbeh\u00f6rden oder Rechtsberater weitergeben und\/oder wenn wir es f\u00fcr notwendig erachten, die Rechte, das Eigentum oder die Sicherheit von LARI, seinen Mitarbeitern, Besuchern, Freiwilligen, Beir\u00e4ten, Nutzern oder anderen zu sch\u00fctzen.<\/p>\n\n<p>Bei der Nutzung von Lieferanten, die teilweise oder vollst\u00e4ndig au\u00dferhalb des Europ\u00e4ischen Wirtschaftsraums (EWR) t\u00e4tig sind, m\u00f6glicherweise in einem Land, das andere Datenschutzgesetze hat.\nIn diesem Fall wird LARI Ma\u00dfnahmen ergreifen, um sicherzustellen, dass sie ein angemessenes Datenschutzniveau in \u00dcbereinstimmung mit luxemburgischem Recht bieten. <\/p>\n\n<p><strong>Wie lange bewahren wir Ihre pers\u00f6nlichen Daten auf?<\/strong><\/p>\n\n<p>Web-Kontaktformular und Angebotsanfrage: Ihre pers\u00f6nlichen Daten werden nur so lange verarbeitet, wie es f\u00fcr die Erf\u00fcllung Ihrer Anfrage unbedingt erforderlich ist.<\/p>\n\n<p>Einstellungsprozess und Spontanbewerbungen: Ihr Lebenslauf und die Informationen im Zusammenhang mit dem Einstellungsprozess werden bis zum Abschluss des Einstellungsprozesses verarbeitet.<\/p>\n\n<p>Im Falle von Spontanbewerbungen wird Ihr Lebenslauf zwei Jahre lang aufbewahrt.<\/p>\n\n<p>Von LARI erbrachte Dienstleistungen: Ihre personenbezogenen Daten werden bis zum Ende des Vertragsverh\u00e4ltnisses verarbeitet.\nNach Beendigung des Vertragsverh\u00e4ltnisses werden Ihre Daten zu steuerlichen Zwecken f\u00fcr einen Zeitraum von 5 Jahren in \u00dcbereinstimmung mit dem allgemeinen Steuerrecht aufbewahrt. <\/p>\n\n<p>Personenbezogene Daten, die f\u00fcr die Verwaltung in detaillierter Form von Anfragen an LARI consult und Ermittlungsdienste verarbeitet werden, werden 6 Jahre lang aufbewahrt.<\/p>\n\n<p>Ausschlie\u00dflich f\u00fcr berufliche Kontakte: Ihre Daten werden aufbewahrt, bis unsere beruflichen Beziehungen beendet sind oder Sie sich entscheiden, die Verarbeitung Ihrer Kontaktdaten f\u00fcr diese Zwecke zu stornieren oder abzulehnen.<\/p>\n\n<h2 class=\"wp-block-heading\">Cookies<\/h2>\n\n<p>Die Websites verwenden Cookies und einige von ihnen sammeln oder speichern pers\u00f6nliche Daten.\nCookies sind Textdateien, die gespeichert und verwendet werden, um nicht-pers\u00f6nliche und pers\u00f6nliche Daten \u00fcber Ihr Surfen auf den Websites zu erfassen.\nCookies k\u00f6nnen entweder dauerhaft sein (und verbleiben, nachdem Sie sich von den Websites abgemeldet haben, um bei Ihren n\u00e4chsten Besuchen auf den Websites verwendet zu werden) oder tempor\u00e4r (und verschwinden, sobald Sie sich von den Websites abmelden).  <\/p>\n\n<p>Sie werden benachrichtigt, wenn Sie zum ersten Mal ein Cookie erhalten, und k\u00f6nnen dann entscheiden, ob Sie es akzeptieren oder ablehnen m\u00f6chten.\nIndem Sie die Websites weiter nutzen und auf &#8222;Ich akzeptiere&#8220; klicken, erm\u00e4chtigen Sie LARI ausdr\u00fccklich zur Verwendung solcher Cookies.\nSie haben auch die M\u00f6glichkeit, dies abzulehnen. In diesem Fall k\u00f6nnen Sie nicht alle Funktionen der Websites nutzen.  <\/p>\n\n<p>Sie k\u00f6nnen Ihre Browsersoftware auch so konfigurieren, dass sie alle Cookies ablehnt (einschlie\u00dflich der Cookies, die f\u00fcr Webanalysedienste verwendet werden). Wenn Sie dies tun, kann es jedoch sein, dass einige Bereiche und Funktionen der Websites nicht richtig funktionieren und\/oder dass Sie auf einige Teile oder Dienste der Websites nicht zugreifen k\u00f6nnen.<\/p>\n\n<p>Weitere Informationen \u00fcber die von uns verwendeten Cookies und ihre Funktionen finden Sie in der Cookie-Richtlinie.<\/p>\n\n<h2 class=\"wp-block-heading\">Cookies f\u00fcr soziale Medien<\/h2>\n\n<p>LARI ist auf den Plattformen der sozialen Medien aktiv.\nSo ist LARI auf f\u00fcnf wichtigen Social-Media-Plattformen vertreten &#8211; Facebook, Twitter, LinkedIn, Instagram und YouTube.\nDiese Gemeinschaften st\u00e4rken unsere Online-Pr\u00e4senz und Sichtbarkeit.  <\/p>\n\n<p>LARI setzt keine Cookies bei der Anzeige von Links zu unseren Social Media-Kan\u00e4len, wenn Sie auf unserer Website surfen;<\/p>\n\n<p>Sie k\u00f6nnen sich Videos ansehen, die wir auf unserer YouTube-Seite hochladen.\nSie k\u00f6nnen auch Links von unserer Website zu Facebook, Twitter, LinkedIn, Instagram und YouTube folgen; <\/p>\n\n<p>Um einige LARI-Videos anzusehen, werden Sie in einer Meldung darauf hingewiesen, dass Sie daf\u00fcr YouTube-Cookies akzeptieren m\u00fcssen.\nYouTube hat seine eigenen Cookie- und Datenschutzrichtlinien, \u00fcber die wir keine Kontrolle haben.\nEs werden keine Cookies von YouTube installiert, solange Sie den YouTube-Cookies nicht zustimmen;  <\/p>\n\n<p>Wenn Sie auf die Facebook-, Twitter-, LinkedIn-, Instagram- oder YouTube-Schaltfl\u00e4che auf unserer Website klicken, werden Sie zu diesen Websites weitergeleitet, die ihre eigenen Cookie- und Datenschutzrichtlinien haben, auf die wir keinen Einfluss haben.<\/p>\n\n<h2 class=\"wp-block-heading\">Die Rechte der betroffenen Person<\/h2>\n\n<p>Als betroffene Person haben Sie das Recht, eine Best\u00e4tigung \u00fcber das Vorhandensein einer Verarbeitung Ihrer Daten zu erhalten, Zugang zu Ihren personenbezogenen Daten zu erhalten, die Berichtigung unrichtiger Daten oder gegebenenfalls die L\u00f6schung zu verlangen, wenn die Daten unter anderem nicht mehr<\/p>\n\n<p>f\u00fcr die Zwecke, f\u00fcr die sie erhoben wurden, erforderlich sind, oder Sie als betroffene Partei die erteilte Einwilligung widerrufen.<\/p>\n\n<p>LARI wird Ihre Daten in \u00dcbereinstimmung mit den geltenden Vorschriften verarbeiten und aufbewahren, unbeschadet der Tatsache, dass Sie als Betroffener in jedem Fall die Einschr\u00e4nkung der Verarbeitung Ihrer Daten verlangen k\u00f6nnen.\nIn bestimmten F\u00e4llen k\u00f6nnen Sie von Ihrem Recht auf \u00dcbertragbarkeit der Daten Gebrauch machen, die Ihnen in einem strukturierten Format, in allgemeiner Form oder in maschinell lesbarer Form an Sie oder an den von Ihnen benannten neuen Datenverantwortlichen \u00fcbermittelt werden. <\/p>\n\n<p>Sie haben das Recht, die Zustimmung zu einer der Behandlungen, f\u00fcr die Sie sie erteilt haben, jederzeit zu widerrufen<\/p>\n\n<p>Einige dieser Rechte k\u00f6nnen eingeschr\u00e4nkt sein, wenn wir ein \u00fcbergeordnetes Interesse oder eine rechtliche Verpflichtung haben, die Daten weiter zu verarbeiten, oder wenn Daten aus Gr\u00fcnden des anwaltlichen Berufsgeheimnisses oder der beruflichen Schweigepflicht von der Offenlegung ausgenommen werden k\u00f6nnen.<\/p>\n\n<p>LARI respektiert die Rechte von Einzelpersonen in Bezug auf ihre pers\u00f6nlichen Daten, wie in der GDPR vorgesehen.\nWenn Sie eines der unten genannten Rechte aus\u00fcben m\u00f6chten, wenden Sie sich bitte per E-Mail an secretarygeneral@LARI.lu oder schriftlich an: <\/p>\n\n<p>Luxemburgische Agentur f\u00fcr die Integrit\u00e4t der Forschung (LARI)<\/p>\n\n<p>6, avenue des Hauts-Fourneaux<\/p>\n\n<p>L-4362 Esch-sur-Alzette, Luxemburg<\/p>\n\n<h2 class=\"wp-block-heading\">Reklamationen<\/h2>\n\n<p>Eine Person hat au\u00dferdem das Recht, bei der Commission nationale pour la protection des donn\u00e9es (CNPD) eine Beschwerde \u00fcber die Verwendung ihrer Daten einzureichen.<\/p>\n\n<p>Die Luxemburger Aufsichtsbeh\u00f6rde ist:<\/p>\n\n<p>Nationale Kommission f\u00fcr den Schutz von Daten (Commission Nationale pour la Protection des Donn\u00e9es)<\/p>\n\n<p>1, avenue du Rock&#8217;n&#8217;Roll<\/p>\n\n<p>L-4361 Esch-sur-Alzette<\/p>\n\n<p>Tel.: (+352) 26 10 60 -1<\/p>\n\n<h2 class=\"wp-block-heading\">Datensicherheit<\/h2>\n\n<p>LARI verpflichtet sich, den Schutz und die Sicherheit Ihrer pers\u00f6nlichen Daten zu gew\u00e4hrleisten, um die Vertraulichkeit Ihrer pers\u00f6nlichen Daten sicherzustellen und zu verhindern, dass Ihre pers\u00f6nlichen Daten verf\u00e4lscht, besch\u00e4digt, zerst\u00f6rt oder an Unbefugte weitergegeben oder auf unrechtm\u00e4\u00dfige Weise verwendet werden.<\/p>\n\n<p>LARI unterh\u00e4lt angemessene physische, elektronische und verfahrenstechnische Sicherheitsvorkehrungen, um pers\u00f6nliche Daten vor Verlust, Missbrauch und unbefugtem Zugriff, Offenlegung, \u00c4nderung und Zerst\u00f6rung zu sch\u00fctzen.<\/p>\n\n<p>Da alle pers\u00f6nlichen Daten vertraulich sind, ist der Zugang auf autorisierte Personen beschr\u00e4nkt, die diese Daten zur Erf\u00fcllung ihrer Aufgaben kennen m\u00fcssen.\nUnbeschadet der Regeln, die in <\/p>\n\n<p>In Bezug auf das Berufsgeheimnis sind alle Personen, die Zugang zu Ihren pers\u00f6nlichen Daten haben, zur Vertraulichkeit verpflichtet und m\u00fcssen die entsprechenden Datenschutzklauseln und -gesetze einhalten und unterliegen Disziplinarma\u00dfnahmen und\/oder anderen Sanktionen, wenn sie diesen Verpflichtungen nicht nachkommen.<\/p>\n\n<h2 class=\"wp-block-heading\">Kontaktieren Sie uns<\/h2>\n\n<p>Bitte kontaktieren Sie uns, wenn Sie Fragen, Vorschl\u00e4ge oder Kommentare zu dieser Datenschutzerkl\u00e4rung haben, entweder per E-Mail an <a href=\"mailto:secretarygeneral@LARI.lu\">secretarygeneral@LARI.lu<\/a><\/p>\n\n<p>oder indem Sie uns schreiben an:<\/p>\n\n<p>Luxemburgische Agentur f\u00fcr die Integrit\u00e4t der Forschung (LARI)<\/p>\n\n<p>6, avenue des Hauts-Fourneaux<\/p>\n\n<p>L-4362 Esch-sur-Alzette, Luxemburg<\/p>\n\n<p><em>Datum der Umsetzung der Richtlinie: November 2018<\/em><\/p>\n\n<p><em>Datum der letzten \u00dcberpr\u00fcfung: Oktober 2021<\/em><\/p>\n","protected":false},"excerpt":{"rendered":"<p>Die Luxemburger Agentur f\u00fcr Forschungsintegrit\u00e4t (LARI) verwendet personenbezogene Daten. In unserer Eigenschaft als f\u00fcr die Datenverarbeitung Verantwortlicher sind wir verpflichtet, Ihre Privatsph\u00e4re in \u00dcbereinstimmung mit dem europ\u00e4ischen Recht zu sch\u00fctzen und zu respektieren. Zweck dieser Datenschutzerkl\u00e4rung (&#8222;Datenschutzerkl\u00e4rung&#8220;) ist es, alle Nutzer der Website, von denen LARI personenbezogene Daten sammelt, dar\u00fcber zu informieren, wie LARI diese [&hellip;]<\/p>\n","protected":false},"author":2,"featured_media":0,"parent":0,"menu_order":0,"comment_status":"closed","ping_status":"open","template":"","meta":{"_acf_changed":false,"footnotes":""},"class_list":["post-1448","page","type-page","status-publish","hentry"],"acf":[],"_links":{"self":[{"href":"https:\/\/lari.lu\/de\/wp-json\/wp\/v2\/pages\/1448","targetHints":{"allow":["GET"]}}],"collection":[{"href":"https:\/\/lari.lu\/de\/wp-json\/wp\/v2\/pages"}],"about":[{"href":"https:\/\/lari.lu\/de\/wp-json\/wp\/v2\/types\/page"}],"author":[{"embeddable":true,"href":"https:\/\/lari.lu\/de\/wp-json\/wp\/v2\/users\/2"}],"replies":[{"embeddable":true,"href":"https:\/\/lari.lu\/de\/wp-json\/wp\/v2\/comments?post=1448"}],"version-history":[{"count":1,"href":"https:\/\/lari.lu\/de\/wp-json\/wp\/v2\/pages\/1448\/revisions"}],"predecessor-version":[{"id":1449,"href":"https:\/\/lari.lu\/de\/wp-json\/wp\/v2\/pages\/1448\/revisions\/1449"}],"wp:attachment":[{"href":"https:\/\/lari.lu\/de\/wp-json\/wp\/v2\/media?parent=1448"}],"curies":[{"name":"wp","href":"https:\/\/api.w.org\/{rel}","templated":true}]}}